{"id":44,"date":"2019-04-06T19:38:00","date_gmt":"2019-04-06T19:38:00","guid":{"rendered":"http:\/\/delicate.ind.br\/mobile\/?page_id=44"},"modified":"2020-10-06T11:12:49","modified_gmt":"2020-10-06T11:12:49","slug":"empresa","status":"publish","type":"page","link":"https:\/\/delicate.ind.br\/mobile\/empresa\/","title":{"rendered":"Empresa"},"content":{"rendered":"\t\t<div data-elementor-type=\"wp-page\" data-elementor-id=\"44\" class=\"elementor elementor-44\" data-elementor-post-type=\"page\">\n\t\t\t\t\t\t\t\t\t<section class=\"elementor-section elementor-top-section elementor-element elementor-element-39bc4da elementor-section-boxed elementor-section-height-default elementor-section-height-default\" data-id=\"39bc4da\" data-element_type=\"section\">\n\t\t\t\t\t\t<div class=\"elementor-container elementor-column-gap-default\">\n\t\t\t\t\t<div class=\"elementor-column elementor-col-100 elementor-top-column elementor-element elementor-element-d43db71\" data-id=\"d43db71\" data-element_type=\"column\">\n\t\t\t<div class=\"elementor-widget-wrap elementor-element-populated\">\n\t\t\t\t\t\t\t\t<div class=\"elementor-element elementor-element-8abd914 elementor-widget elementor-widget-accordion\" data-id=\"8abd914\" data-element_type=\"widget\" data-widget_type=\"accordion.default\">\n\t\t\t\t<div class=\"elementor-widget-container\">\n\t\t\t\t\t<div class=\"elementor-accordion\">\n\t\t\t\t\t\t\t<div class=\"elementor-accordion-item\">\n\t\t\t\t\t<div id=\"elementor-tab-title-1451\" class=\"elementor-tab-title\" data-tab=\"1\" role=\"button\" aria-controls=\"elementor-tab-content-1451\" aria-expanded=\"false\">\n\t\t\t\t\t\t\t\t\t\t\t\t\t<span class=\"elementor-accordion-icon elementor-accordion-icon-left\" aria-hidden=\"true\">\n\t\t\t\t\t\t\t\t\t\t\t\t\t\t\t<span class=\"elementor-accordion-icon-closed\"><i class=\"fas fa-plus\"><\/i><\/span>\n\t\t\t\t\t\t\t\t<span class=\"elementor-accordion-icon-opened\"><i class=\"fas fa-minus\"><\/i><\/span>\n\t\t\t\t\t\t\t\t\t\t\t\t\t\t<\/span>\n\t\t\t\t\t\t\t\t\t\t\t\t<a class=\"elementor-accordion-title\" tabindex=\"0\">Empresa<\/a>\n\t\t\t\t\t<\/div>\n\t\t\t\t\t<div id=\"elementor-tab-content-1451\" class=\"elementor-tab-content elementor-clearfix\" data-tab=\"1\" role=\"region\" aria-labelledby=\"elementor-tab-title-1451\"><p style=\"font-style: normal; font-variant-ligatures: normal; font-variant-caps: normal; font-weight: 400; font-size: 13px; font-family: Roboto;\"><span style=\"color: #333333;\">Fundada em 02 de dezembro de 2002, a Delicate \u2013 Ind\u00fastria Metal\u00fargica Ltda, localiza-se na cidade de S\u00e3o Pedro da Serra, na serra ga\u00facha, onde produz e distribui os alicates de cut\u00edcula e acess\u00f3rios para manicures.<\/span><\/p>\n<p style=\"font-style: normal; font-variant-ligatures: normal; font-variant-caps: normal; font-weight: 400; font-size: 13px; font-family: Roboto;\"><span style=\"color: #333333;\">Os Produtos Delicate s\u00e3o inovadores, jovem e adequados ao uso dom\u00e9stico e profissional. E pensando em voc\u00ea, a Delicate tem investido cada vez mais na qualifica\u00e7\u00e3o dos seus produtos e de seus colaboradores, para que o resultado deste esfor\u00e7o seja a sua satisfa\u00e7\u00e3o.<\/span><\/p><\/div>\n\t\t\t\t<\/div>\n\t\t\t\t\t\t\t<div class=\"elementor-accordion-item\">\n\t\t\t\t\t<div id=\"elementor-tab-title-1452\" class=\"elementor-tab-title\" data-tab=\"2\" role=\"button\" aria-controls=\"elementor-tab-content-1452\" aria-expanded=\"false\">\n\t\t\t\t\t\t\t\t\t\t\t\t\t<span class=\"elementor-accordion-icon elementor-accordion-icon-left\" aria-hidden=\"true\">\n\t\t\t\t\t\t\t\t\t\t\t\t\t\t\t<span class=\"elementor-accordion-icon-closed\"><i class=\"fas fa-plus\"><\/i><\/span>\n\t\t\t\t\t\t\t\t<span class=\"elementor-accordion-icon-opened\"><i class=\"fas fa-minus\"><\/i><\/span>\n\t\t\t\t\t\t\t\t\t\t\t\t\t\t<\/span>\n\t\t\t\t\t\t\t\t\t\t\t\t<a class=\"elementor-accordion-title\" tabindex=\"0\">Miss\u00e3o - Vis\u00e3o - Valores<\/a>\n\t\t\t\t\t<\/div>\n\t\t\t\t\t<div id=\"elementor-tab-content-1452\" class=\"elementor-tab-content elementor-clearfix\" data-tab=\"2\" role=\"region\" aria-labelledby=\"elementor-tab-title-1452\"><p style=\"font-style: normal; font-variant-ligatures: normal; font-variant-caps: normal; font-weight: 400; font-size: 13px; font-family: Roboto;\"><span style=\"font-weight: bold; color: #333333;\">Miss\u00e3o:<\/span><\/p>\n<p style=\"font-style: normal; font-variant-ligatures: normal; font-variant-caps: normal; font-weight: 400; font-size: 13px; font-family: Roboto;\"><span style=\"color: #333333;\">Oferecer solu\u00e7\u00f5es que facilitem a vida dos clientes, tanto no uso dom\u00e9stico como no profissional, com produtos personalizados, modernos e diferenciados, que fa\u00e7am ele se sentir \u00fanico e prestigiado, nos mantendo atualizados no mercado com atendimento e-commerce e f\u00edsico.<\/span><\/p>\n<p style=\"font-style: normal; font-variant-ligatures: normal; font-variant-caps: normal; font-weight: 400; font-size: 13px; font-family: Roboto;\"><span style=\"font-weight: bold; color: #333333;\">Vis\u00e3o:<\/span><\/p>\n<p style=\"font-style: normal; font-variant-ligatures: normal; font-variant-caps: normal; font-weight: 400; font-size: 13px; font-family: Roboto;\"><span style=\"color: #333333;\">Em 10 anos ser uma empresa l\u00edder no mercado, oferecendo produtos diferenciados e com qualidade.<\/span><\/p>\n<p style=\"font-style: normal; font-variant-ligatures: normal; font-variant-caps: normal; font-weight: 400; font-size: 13px; font-family: Roboto;\"><span style=\"font-weight: bold; color: #333333;\">Valores:<\/span><\/p>\n<ul style=\"font-style: normal; font-variant-ligatures: normal; font-variant-caps: normal; font-weight: 400; font-size: 13px; font-family: Roboto;\">\n<li><span style=\"color: #333333;\">Atuar com transpar\u00eancia e \u00e9tica;<\/span><\/li>\n<li><span style=\"color: #333333;\">Contribuir para uma sociedade mais justa, atuando tamb\u00e9m com responsabilidade ambiental;<\/span><\/li>\n<li><span style=\"color: #333333;\">Constante motiva\u00e7\u00e3o, desenvolvimento e comprometimento dos recursos humanos da empresa;<\/span><\/li>\n<li><span style=\"color: #333333;\">Satisfa\u00e7\u00e3o do clientes;<\/span><\/li>\n<li><span style=\"color: #333333;\">Qualidade dos produtos.<\/span><\/li>\n<\/ul><\/div>\n\t\t\t\t<\/div>\n\t\t\t\t\t\t\t\t<\/div>\n\t\t\t\t<\/div>\n\t\t\t\t<\/div>\n\t\t\t\t\t<\/div>\n\t\t<\/div>\n\t\t\t\t\t\t\t<\/div>\n\t\t<\/section>\n\t\t\t\t\t\t\t<\/div>\n\t\t","protected":false},"excerpt":{"rendered":"<p>Empresa Fundada em 02 de dezembro de 2002, a Delicate \u2013 Ind\u00fastria Metal\u00fargica Ltda, localiza-se na cidade de S\u00e3o Pedro da Serra, na serra ga\u00facha, onde<span class=\"excerpt-hellip\"> [\u2026]<\/span><\/p>\n","protected":false},"author":1,"featured_media":0,"parent":0,"menu_order":0,"comment_status":"closed","ping_status":"closed","template":"","meta":{"footnotes":""},"_links":{"self":[{"href":"https:\/\/delicate.ind.br\/mobile\/wp-json\/wp\/v2\/pages\/44"}],"collection":[{"href":"https:\/\/delicate.ind.br\/mobile\/wp-json\/wp\/v2\/pages"}],"about":[{"href":"https:\/\/delicate.ind.br\/mobile\/wp-json\/wp\/v2\/types\/page"}],"author":[{"embeddable":true,"href":"https:\/\/delicate.ind.br\/mobile\/wp-json\/wp\/v2\/users\/1"}],"replies":[{"embeddable":true,"href":"https:\/\/delicate.ind.br\/mobile\/wp-json\/wp\/v2\/comments?post=44"}],"version-history":[{"count":26,"href":"https:\/\/delicate.ind.br\/mobile\/wp-json\/wp\/v2\/pages\/44\/revisions"}],"predecessor-version":[{"id":527,"href":"https:\/\/delicate.ind.br\/mobile\/wp-json\/wp\/v2\/pages\/44\/revisions\/527"}],"wp:attachment":[{"href":"https:\/\/delicate.ind.br\/mobile\/wp-json\/wp\/v2\/media?parent=44"}],"curies":[{"name":"wp","href":"https:\/\/api.w.org\/{rel}","templated":true}]}}